{"id":17,"date":"2025-04-26T13:59:40","date_gmt":"2025-04-26T13:59:40","guid":{"rendered":"https:\/\/exlanguage.com\/es\/?page_id=17"},"modified":"2025-04-26T17:40:18","modified_gmt":"2025-04-26T17:40:18","slug":"introduccion","status":"publish","type":"page","link":"https:\/\/exlanguage.com\/es\/introduccion\/","title":{"rendered":"Introducci\u00f3n"},"content":{"rendered":"\n<p><strong><mark style=\"background-color:rgba(0, 0, 0, 0)\" class=\"has-inline-color has-vivid-cyan-blue-color\">EXTRA LANGUAGE \u2013 EXCHANGE LANGUAGE: PROYECTO DEL PORTAL DE INFORMACI\u00d3N QUE CONECTA EL CONOCIMIENTO Y EL CORAZ\u00d3N.<\/mark><\/strong><\/p>\n\n\n<div class=\"wp-block-image\">\n<figure class=\"aligncenter size-full is-resized\"><img loading=\"lazy\" decoding=\"async\" width=\"512\" height=\"512\" src=\"https:\/\/exlanguage.com\/es\/wp-content\/uploads\/sites\/4\/2025\/04\/Logo_eagle_exlanguage_512x512_full_v2.jpg\" alt=\"\" class=\"wp-image-27\" style=\"width:269px;height:auto\" srcset=\"https:\/\/exlanguage.com\/es\/wp-content\/uploads\/sites\/4\/2025\/04\/Logo_eagle_exlanguage_512x512_full_v2.jpg 512w, https:\/\/exlanguage.com\/es\/wp-content\/uploads\/sites\/4\/2025\/04\/Logo_eagle_exlanguage_512x512_full_v2-300x300.jpg 300w, https:\/\/exlanguage.com\/es\/wp-content\/uploads\/sites\/4\/2025\/04\/Logo_eagle_exlanguage_512x512_full_v2-150x150.jpg 150w\" sizes=\"auto, (max-width: 512px) 100vw, 512px\" \/><\/figure><\/div>\n\n\n<p>En la era de la tecnolog\u00eda, la inteligencia artificial est\u00e1 cambiando la forma en que aprendemos. Pero, no importa cu\u00e1n inteligentes sean las m\u00e1quinas, \u00a1<strong>un maestro cari\u00f1oso<\/strong> y <strong>un amigo solidario<\/strong> siguen siendo insustituibles!<\/p>\n\n\n\n<p>Con m\u00e1s de <strong>20 a\u00f1os de experiencia en educaci\u00f3n<\/strong> y siendo pioneros en la formaci\u00f3n en l\u00ednea, nuestro equipo se enorgullece de presentar &#8216;<mark style=\"background-color:rgba(0, 0, 0, 0)\" class=\"has-inline-color has-vivid-red-color\"><strong>Extra Language \u2013 Exchange Language<\/strong><\/mark>&#8216; \u2013 una <strong>plataforma GRATUITA<\/strong> que conecta a profesores y estudiantes, especialmente en los campos de los <strong>idiomas <\/strong>y la <strong>tecnolog\u00eda<\/strong>.<\/p>\n\n\n\n<hr class=\"wp-block-separator has-alpha-channel-opacity\"\/>\n\n\n\n<h3 class=\"wp-block-heading\"><strong><mark style=\"background-color:rgba(0, 0, 0, 0);color:#008fc5\" class=\"has-inline-color\">\ud83c\udf38 <\/mark><mark style=\"background-color:rgba(0, 0, 0, 0)\" class=\"has-inline-color has-vivid-red-color\">EXTRA LANGUAGE:<\/mark><mark style=\"background-color:rgba(0, 0, 0, 0);color:#008fc5\" class=\"has-inline-color\"> A\u00d1ADE IDIOMAS \u2013 A\u00d1ADE OPORTUNIDADES \u2013 TOCA TUS SUE\u00d1OS<\/mark><\/strong><\/h3>\n\n\n\n<p>\u00bfAlguna vez te has sentido confundido al unirte a una clase de ESL en los Estados Unidos, o te has esforzado con <strong>materiales dispersos en l\u00ednea<\/strong>? Nosotros entendemos eso.<\/p>\n\n\n\n<p>\ud83d\udd39 <strong>\u00bfEl mayor desaf\u00edo<\/strong>? Aprender un idioma extranjero sin un sistema; es f\u00e1cil desanimarse.<br>\ud83d\udd39 Un camino de aprendizaje <strong>claro, f\u00e1cil de entender y gratuito<\/strong>, que te ayuda a integrarte con confianza, desde clases de ESL hasta la universidad, y m\u00e1s all\u00e1.<\/p>\n\n\n\n<blockquote class=\"wp-block-quote is-layout-flow wp-block-quote-is-layout-flow\">\n<p><em>&#8220;El idioma es la llave para abrir la puerta al futuro. \u00a1D\u00e9janos ayudarte a mejorarlo de la manera m\u00e1s sistem\u00e1tica!&#8221;<\/em><\/p>\n<\/blockquote>\n\n\n\n<hr class=\"wp-block-separator has-alpha-channel-opacity\"\/>\n\n\n\n<h3 class=\"wp-block-heading\"><strong><mark style=\"background-color:rgba(0, 0, 0, 0);color:#008fc5\" class=\"has-inline-color\">\ud83c\udf38 <\/mark><mark style=\"background-color:rgba(0, 0, 0, 0)\" class=\"has-inline-color has-vivid-red-color\">EXCHANGE LANGUAGE:<\/mark><mark style=\"background-color:rgba(0, 0, 0, 0);color:#008fc5\" class=\"has-inline-color\"> COMPARTE CONOCIMIENTO \u2013 AUMENTA INGRESOS \u2013 RECIBE AMOR<\/mark><\/strong><\/h3>\n\n\n\n<p>Aprender no se trata solo de recibir, sino tambi\u00e9n de <strong>compartir<\/strong>.. Si t\u00fa:<\/p>\n\n\n\n<ul class=\"wp-block-list\">\n<li><strong>Domina el vietnamita y otros idiomas extranjeros<\/strong><\/li>\n\n\n\n<li><strong>Bien informado sobre la cultura local<\/strong><\/li>\n\n\n\n<li><strong><strong>Deseo ayudar a la comunidad<\/strong><\/strong><\/li>\n<\/ul>\n\n\n\n<p>\u00a1Esta es la oportunidad de <strong>difundir conocimiento<\/strong> y conectar corazones que aman los idiomas!<\/p>\n\n\n\n<blockquote class=\"wp-block-quote is-layout-flow wp-block-quote-is-layout-flow\">\n<p><em>&#8220;Despu\u00e9s de 10 a\u00f1os viviendo en los EE. UU., nos dimos cuenta de que <strong>el intercambio cultural es la mejor manera de ampliar<\/strong> tanto nuestras mentes como nuestros corazones.&#8221;<\/em><\/p>\n<\/blockquote>\n\n\n\n<hr class=\"wp-block-separator has-alpha-channel-opacity\"\/>\n\n\n\n<h3 class=\"wp-block-heading\"><strong><mark style=\"background-color:rgba(0, 0, 0, 0);color:#008fc5\" class=\"has-inline-color\">\ud83d\ude80 EL VIAJE COMIENZA CON UN SOLO PASO<\/mark><\/strong><\/h3>\n\n\n\n<p>&#8220;Extra Language \u2013 Exchange Language&#8221; <strong>not just a class<\/strong>, but <strong>a shared home<\/strong> where we: &#8220;Extra Language \u2013 Exchange Language&#8221; no es solo <strong>una clase<\/strong>, sino <strong>un hogar compartido<\/strong> donde nosotros\u2026<\/p>\n\n\n\n<ul class=\"wp-block-list\">\n<li><strong>Juntos, construimos la base.<\/strong><\/li>\n\n\n\n<li><strong>Juntos, compartimos historias de vida.<\/strong><\/li>\n\n\n\n<li><strong>Juntos, brillamos en el viaje de integraci\u00f3n.<\/strong><\/li>\n<\/ul>\n\n\n\n<p>\ud83d\udcab <em>&#8220;\u00a1Cada nueva palabra aprendida hoy es un paso m\u00e1s cerca del sue\u00f1o de brillar con confianza en los EE. UU.<\/em>&#8220;<\/p>\n\n\n\n<hr class=\"wp-block-separator has-alpha-channel-opacity\"\/>\n\n\n\n<p><strong><mark style=\"background-color:rgba(0, 0, 0, 0);color:#008fc5\" class=\"has-inline-color\">\ud83d\udccc LA INFORMACI\u00d3N DETALLADA SE ACTUALIZAR\u00c1 PRONTO<br><\/mark><\/strong>We look forward to receiving <strong>your support and feedback<\/strong> to help spread this meaningful project. Esperamos recibir <strong>su apoyo y comentarios <\/strong>para ayudar a difundir este proyecto significativo.<\/p>\n\n\n\n<p><strong>\ud83d\udc8c CONT\u00c1CTANOS AHORA <\/strong>para unirte a la construcci\u00f3n.<br>Email: <mark style=\"background-color:rgba(0, 0, 0, 0)\" class=\"has-inline-color has-vivid-red-color\">congdongmy@gmail.com<\/mark><\/p>\n\n\n\n<blockquote class=\"wp-block-quote is-layout-flow wp-block-quote-is-layout-flow\">\n<p>\u00a1El conocimiento realmente brilla cuando se comparte!<\/p>\n<\/blockquote>\n","protected":false},"excerpt":{"rendered":"<p>EXTRA LANGUAGE \u2013 EXCHANGE LANGUAGE: PROYECTO DEL PORTAL DE INFORMACI\u00d3N QUE CONECTA EL CONOCIMIENTO Y EL CORAZ\u00d3N. En la era de la tecnolog\u00eda, la inteligencia artificial est\u00e1 cambiando la forma en que aprendemos. Pero, no importa cu\u00e1n inteligentes sean las m\u00e1quinas, \u00a1un maestro cari\u00f1oso y un amigo solidario siguen siendo insustituibles! Con m\u00e1s de 20 [&hellip;]<\/p>\n","protected":false},"author":1,"featured_media":0,"parent":0,"menu_order":0,"comment_status":"closed","ping_status":"closed","template":"page-my-full.php","meta":{"footnotes":""},"class_list":["post-17","page","type-page","status-publish","hentry"],"yoast_head":"<!-- This site is optimized with the Yoast SEO plugin v25.0 - https:\/\/yoast.com\/wordpress\/plugins\/seo\/ -->\n<title>Introducci\u00f3n - Idioma adicional de intercambio<\/title>\n<meta name=\"robots\" content=\"index, follow, max-snippet:-1, max-image-preview:large, max-video-preview:-1\" \/>\n<link rel=\"canonical\" href=\"https:\/\/exlanguage.com\/es\/introduccion\/\" \/>\n<meta property=\"og:locale\" content=\"en_US\" \/>\n<meta property=\"og:type\" content=\"article\" \/>\n<meta property=\"og:title\" content=\"Introducci\u00f3n - Idioma adicional de intercambio\" \/>\n<meta property=\"og:description\" content=\"EXTRA LANGUAGE \u2013 EXCHANGE LANGUAGE: PROYECTO DEL PORTAL DE INFORMACI\u00d3N QUE CONECTA EL CONOCIMIENTO Y EL CORAZ\u00d3N. En la era de la tecnolog\u00eda, la inteligencia artificial est\u00e1 cambiando la forma en que aprendemos. Pero, no importa cu\u00e1n inteligentes sean las m\u00e1quinas, \u00a1un maestro cari\u00f1oso y un amigo solidario siguen siendo insustituibles! Con m\u00e1s de 20 [&hellip;]\" \/>\n<meta property=\"og:url\" content=\"https:\/\/exlanguage.com\/es\/introduccion\/\" \/>\n<meta property=\"og:site_name\" content=\"Idioma adicional de intercambio\" \/>\n<meta property=\"article:modified_time\" content=\"2025-04-26T17:40:18+00:00\" \/>\n<meta property=\"og:image\" content=\"https:\/\/exlanguage.com\/es\/wp-content\/uploads\/sites\/4\/2025\/04\/Logo_eagle_exlanguage_512x512_full_v2.jpg\" \/>\n\t<meta property=\"og:image:width\" content=\"512\" \/>\n\t<meta property=\"og:image:height\" content=\"512\" \/>\n\t<meta property=\"og:image:type\" content=\"image\/jpeg\" \/>\n<meta name=\"twitter:card\" content=\"summary_large_image\" \/>\n<meta name=\"twitter:label1\" content=\"Est. reading time\" \/>\n\t<meta name=\"twitter:data1\" content=\"2 minutes\" \/>\n<script type=\"application\/ld+json\" class=\"yoast-schema-graph\">{\"@context\":\"https:\/\/schema.org\",\"@graph\":[{\"@type\":\"WebPage\",\"@id\":\"https:\/\/exlanguage.com\/es\/introduccion\/\",\"url\":\"https:\/\/exlanguage.com\/es\/introduccion\/\",\"name\":\"Introducci\u00f3n - Idioma adicional de intercambio\",\"isPartOf\":{\"@id\":\"https:\/\/exlanguage.com\/es\/#website\"},\"primaryImageOfPage\":{\"@id\":\"https:\/\/exlanguage.com\/es\/introduccion\/#primaryimage\"},\"image\":{\"@id\":\"https:\/\/exlanguage.com\/es\/introduccion\/#primaryimage\"},\"thumbnailUrl\":\"https:\/\/exlanguage.com\/es\/wp-content\/uploads\/sites\/4\/2025\/04\/Logo_eagle_exlanguage_512x512_full_v2.jpg\",\"datePublished\":\"2025-04-26T13:59:40+00:00\",\"dateModified\":\"2025-04-26T17:40:18+00:00\",\"breadcrumb\":{\"@id\":\"https:\/\/exlanguage.com\/es\/introduccion\/#breadcrumb\"},\"inLanguage\":\"en-US\",\"potentialAction\":[{\"@type\":\"ReadAction\",\"target\":[\"https:\/\/exlanguage.com\/es\/introduccion\/\"]}]},{\"@type\":\"ImageObject\",\"inLanguage\":\"en-US\",\"@id\":\"https:\/\/exlanguage.com\/es\/introduccion\/#primaryimage\",\"url\":\"https:\/\/exlanguage.com\/es\/wp-content\/uploads\/sites\/4\/2025\/04\/Logo_eagle_exlanguage_512x512_full_v2.jpg\",\"contentUrl\":\"https:\/\/exlanguage.com\/es\/wp-content\/uploads\/sites\/4\/2025\/04\/Logo_eagle_exlanguage_512x512_full_v2.jpg\",\"width\":512,\"height\":512},{\"@type\":\"BreadcrumbList\",\"@id\":\"https:\/\/exlanguage.com\/es\/introduccion\/#breadcrumb\",\"itemListElement\":[{\"@type\":\"ListItem\",\"position\":1,\"name\":\"Home\",\"item\":\"https:\/\/exlanguage.com\/es\/\"},{\"@type\":\"ListItem\",\"position\":2,\"name\":\"Introducci\u00f3n\"}]},{\"@type\":\"WebSite\",\"@id\":\"https:\/\/exlanguage.com\/es\/#website\",\"url\":\"https:\/\/exlanguage.com\/es\/\",\"name\":\"Idioma adicional de intercambio\",\"description\":\"\",\"potentialAction\":[{\"@type\":\"SearchAction\",\"target\":{\"@type\":\"EntryPoint\",\"urlTemplate\":\"https:\/\/exlanguage.com\/es\/?s={search_term_string}\"},\"query-input\":{\"@type\":\"PropertyValueSpecification\",\"valueRequired\":true,\"valueName\":\"search_term_string\"}}],\"inLanguage\":\"en-US\"}]}<\/script>\n<!-- \/ Yoast SEO plugin. -->","yoast_head_json":{"title":"Introducci\u00f3n - Idioma adicional de intercambio","robots":{"index":"index","follow":"follow","max-snippet":"max-snippet:-1","max-image-preview":"max-image-preview:large","max-video-preview":"max-video-preview:-1"},"canonical":"https:\/\/exlanguage.com\/es\/introduccion\/","og_locale":"en_US","og_type":"article","og_title":"Introducci\u00f3n - Idioma adicional de intercambio","og_description":"EXTRA LANGUAGE \u2013 EXCHANGE LANGUAGE: PROYECTO DEL PORTAL DE INFORMACI\u00d3N QUE CONECTA EL CONOCIMIENTO Y EL CORAZ\u00d3N. En la era de la tecnolog\u00eda, la inteligencia artificial est\u00e1 cambiando la forma en que aprendemos. Pero, no importa cu\u00e1n inteligentes sean las m\u00e1quinas, \u00a1un maestro cari\u00f1oso y un amigo solidario siguen siendo insustituibles! Con m\u00e1s de 20 [&hellip;]","og_url":"https:\/\/exlanguage.com\/es\/introduccion\/","og_site_name":"Idioma adicional de intercambio","article_modified_time":"2025-04-26T17:40:18+00:00","og_image":[{"width":512,"height":512,"url":"https:\/\/exlanguage.com\/es\/wp-content\/uploads\/sites\/4\/2025\/04\/Logo_eagle_exlanguage_512x512_full_v2.jpg","type":"image\/jpeg"}],"twitter_card":"summary_large_image","twitter_misc":{"Est. reading time":"2 minutes"},"schema":{"@context":"https:\/\/schema.org","@graph":[{"@type":"WebPage","@id":"https:\/\/exlanguage.com\/es\/introduccion\/","url":"https:\/\/exlanguage.com\/es\/introduccion\/","name":"Introducci\u00f3n - Idioma adicional de intercambio","isPartOf":{"@id":"https:\/\/exlanguage.com\/es\/#website"},"primaryImageOfPage":{"@id":"https:\/\/exlanguage.com\/es\/introduccion\/#primaryimage"},"image":{"@id":"https:\/\/exlanguage.com\/es\/introduccion\/#primaryimage"},"thumbnailUrl":"https:\/\/exlanguage.com\/es\/wp-content\/uploads\/sites\/4\/2025\/04\/Logo_eagle_exlanguage_512x512_full_v2.jpg","datePublished":"2025-04-26T13:59:40+00:00","dateModified":"2025-04-26T17:40:18+00:00","breadcrumb":{"@id":"https:\/\/exlanguage.com\/es\/introduccion\/#breadcrumb"},"inLanguage":"en-US","potentialAction":[{"@type":"ReadAction","target":["https:\/\/exlanguage.com\/es\/introduccion\/"]}]},{"@type":"ImageObject","inLanguage":"en-US","@id":"https:\/\/exlanguage.com\/es\/introduccion\/#primaryimage","url":"https:\/\/exlanguage.com\/es\/wp-content\/uploads\/sites\/4\/2025\/04\/Logo_eagle_exlanguage_512x512_full_v2.jpg","contentUrl":"https:\/\/exlanguage.com\/es\/wp-content\/uploads\/sites\/4\/2025\/04\/Logo_eagle_exlanguage_512x512_full_v2.jpg","width":512,"height":512},{"@type":"BreadcrumbList","@id":"https:\/\/exlanguage.com\/es\/introduccion\/#breadcrumb","itemListElement":[{"@type":"ListItem","position":1,"name":"Home","item":"https:\/\/exlanguage.com\/es\/"},{"@type":"ListItem","position":2,"name":"Introducci\u00f3n"}]},{"@type":"WebSite","@id":"https:\/\/exlanguage.com\/es\/#website","url":"https:\/\/exlanguage.com\/es\/","name":"Idioma adicional de intercambio","description":"","potentialAction":[{"@type":"SearchAction","target":{"@type":"EntryPoint","urlTemplate":"https:\/\/exlanguage.com\/es\/?s={search_term_string}"},"query-input":{"@type":"PropertyValueSpecification","valueRequired":true,"valueName":"search_term_string"}}],"inLanguage":"en-US"}]}},"jetpack_sharing_enabled":true,"_links":{"self":[{"href":"https:\/\/exlanguage.com\/es\/wp-json\/wp\/v2\/pages\/17","targetHints":{"allow":["GET"]}}],"collection":[{"href":"https:\/\/exlanguage.com\/es\/wp-json\/wp\/v2\/pages"}],"about":[{"href":"https:\/\/exlanguage.com\/es\/wp-json\/wp\/v2\/types\/page"}],"author":[{"embeddable":true,"href":"https:\/\/exlanguage.com\/es\/wp-json\/wp\/v2\/users\/1"}],"replies":[{"embeddable":true,"href":"https:\/\/exlanguage.com\/es\/wp-json\/wp\/v2\/comments?post=17"}],"version-history":[{"count":2,"href":"https:\/\/exlanguage.com\/es\/wp-json\/wp\/v2\/pages\/17\/revisions"}],"predecessor-version":[{"id":28,"href":"https:\/\/exlanguage.com\/es\/wp-json\/wp\/v2\/pages\/17\/revisions\/28"}],"wp:attachment":[{"href":"https:\/\/exlanguage.com\/es\/wp-json\/wp\/v2\/media?parent=17"}],"curies":[{"name":"wp","href":"https:\/\/api.w.org\/{rel}","templated":true}]}}