{"id":26,"date":"2025-04-26T00:44:22","date_gmt":"2025-04-26T00:44:22","guid":{"rendered":"https:\/\/exlanguage.com\/vn\/?page_id=26"},"modified":"2025-04-26T17:37:28","modified_gmt":"2025-04-26T17:37:28","slug":"gioi-thieu","status":"publish","type":"page","link":"https:\/\/exlanguage.com\/vn\/gioi-thieu\/","title":{"rendered":"Gi\u1edbi Thi\u1ec7u"},"content":{"rendered":"\n<p><strong><mark style=\"background-color:rgba(0, 0, 0, 0)\" class=\"has-inline-color has-vivid-cyan-blue-color\">EXTRA LANGUAGE \u2013 EXCHANGE LANGUAGE: D\u1ef0 \u00c1N C\u1ed4NG TH\u00d4NG TIN K\u1ebeT N\u1ed0I TRI TH\u1ee8C V\u00c0 TR\u00c1I TIM<\/mark><\/strong><\/p>\n\n\n<div class=\"wp-block-image\">\n<figure class=\"aligncenter size-full is-resized\"><img loading=\"lazy\" decoding=\"async\" width=\"512\" height=\"512\" src=\"https:\/\/exlanguage.com\/vn\/wp-content\/uploads\/sites\/2\/2025\/04\/Logo_eagle_exlanguage_512x512_full_v2.jpg\" alt=\"\" class=\"wp-image-37\" style=\"width:242px;height:auto\" srcset=\"https:\/\/exlanguage.com\/vn\/wp-content\/uploads\/sites\/2\/2025\/04\/Logo_eagle_exlanguage_512x512_full_v2.jpg 512w, https:\/\/exlanguage.com\/vn\/wp-content\/uploads\/sites\/2\/2025\/04\/Logo_eagle_exlanguage_512x512_full_v2-300x300.jpg 300w, https:\/\/exlanguage.com\/vn\/wp-content\/uploads\/sites\/2\/2025\/04\/Logo_eagle_exlanguage_512x512_full_v2-150x150.jpg 150w\" sizes=\"auto, (max-width: 512px) 100vw, 512px\" \/><\/figure><\/div>\n\n\n<p><strong><mark style=\"background-color:rgba(0, 0, 0, 0)\" class=\"has-inline-color has-vivid-cyan-blue-color\"><br><\/mark><\/strong>Trong th\u1eddi \u0111\u1ea1i c\u00f4ng ngh\u1ec7 b\u00f9ng n\u1ed5, AI \u0111ang thay \u0111\u1ed5i c\u00e1ch ch\u00fang ta h\u1ecdc t\u1eadp. Nh\u01b0ng d\u00f9 m\u00e1y m\u00f3c c\u00f3 th\u00f4ng minh \u0111\u1ebfn \u0111\u00e2u, <strong>m\u1ed9t ng\u01b0\u1eddi th\u1ea7y t\u1eadn t\u00e2m, m\u1ed9t ng\u01b0\u1eddi b\u1ea1n \u0111\u1ed3ng h\u00e0nh<\/strong> v\u1eabn l\u00e0 \u0111i\u1ec1u kh\u00f4ng th\u1ec3 thay th\u1ebf!<\/p>\n\n\n\n<p>V\u1edbi <strong>h\u01a1n 20 n\u0103m kinh nghi\u1ec7m<\/strong> trong l\u0129nh v\u1ef1c gi\u00e1o d\u1ee5c v\u00e0 ti\u00ean phong \u0111\u00e0o t\u1ea1o tr\u1ef1c tuy\u1ebfn, nh\u00f3m ch\u00fang t\u00f4i t\u1ef1 h\u00e0o ra m\u1eaft <strong>&#8220;<mark style=\"background-color:rgba(0, 0, 0, 0)\" class=\"has-inline-color has-vivid-red-color\">Extra Language \u2013 Exchange Language<\/mark>&#8220;<\/strong> \u2013 <strong>c\u1ed5ng th\u00f4ng tin MI\u1ec4N PH\u00cd<\/strong> k\u1ebft n\u1ed1i ng\u01b0\u1eddi d\u1ea1y v\u00e0 ng\u01b0\u1eddi h\u1ecdc, \u0111\u1eb7c bi\u1ec7t trong l\u0129nh v\u1ef1c <strong>ngo\u1ea1i ng\u1eef v\u00e0 c\u00f4ng ngh\u1ec7<\/strong>.<\/p>\n\n\n\n<hr class=\"wp-block-separator has-alpha-channel-opacity\"\/>\n\n\n\n<h3 class=\"wp-block-heading\"><strong><mark style=\"background-color:rgba(0, 0, 0, 0);color:#008fc5\" class=\"has-inline-color\">\ud83c\udf38 <\/mark><mark style=\"background-color:rgba(0, 0, 0, 0)\" class=\"has-inline-color has-vivid-red-color\">EXTRA LANGUAGE:<\/mark><mark style=\"background-color:rgba(0, 0, 0, 0);color:#008fc5\" class=\"has-inline-color\"> TH\u00caM NG\u00d4N NG\u1eee <strong><mark style=\"background-color:rgba(0, 0, 0, 0);color:#008fc5\" class=\"has-inline-color\">\u2013<\/mark><\/strong> TH\u00caM C\u01a0 H\u1ed8I \u2013 CH\u1ea0M \u01af\u1edaC M\u01a0<\/mark><\/strong><\/h3>\n\n\n\n<p>B\u1ea1n \u0111\u00e3 bao gi\u1edd b\u1ee1 ng\u1ee1 khi tham gia l\u1edbp ESL t\u1ea1i M\u1ef9, hay loay hoay gi\u1eefa <strong>bi\u1ec3n t\u00e0i li\u1ec7u r\u1eddi r\u1ea1c<\/strong> tr\u00ean m\u1ea1ng? Ch\u00fang t\u00f4i hi\u1ec3u \u0111i\u1ec1u \u0111\u00f3!<\/p>\n\n\n\n<p>\ud83d\udd39 <strong>Kh\u00f3 kh\u0103n l\u1edbn nh\u1ea5t?<\/strong> H\u1ecdc ngo\u1ea1i ng\u1eef kh\u00f4ng h\u1ec7 th\u1ed1ng, d\u1ec5 n\u1ea3n l\u00f2ng!<br>\ud83d\udd39 <strong>Gi\u1ea3i ph\u00e1p c\u1ee7a ch\u00fang t\u00f4i?<\/strong> L\u1ed9 tr\u00ecnh h\u1ecdc <strong>R\u00d5 R\u00c0NG \u2013 D\u1ec4 HI\u1ec2U \u2013 MI\u1ec4N PH\u00cd<\/strong>, gi\u00fap b\u1ea1n t\u1ef1 tin h\u00f2a nh\u1eadp, t\u1eeb ESL \u0111\u1ebfn cao \u0111\u1eb3ng, v\u00e0 xa h\u01a1n n\u1eefa!<\/p>\n\n\n\n<blockquote class=\"wp-block-quote is-layout-flow wp-block-quote-is-layout-flow\">\n<p><em>&#8220;Ng\u00f4n ng\u1eef l\u00e0 ch\u00eca kh\u00f3a m\u1edf c\u00e1nh c\u1eeda t\u01b0\u01a1ng lai. H\u00e3y \u0111\u1ec3 ch\u00fang t\u00f4i gi\u00fap b\u1ea1n trau d\u1ed3i n\u00f3 m\u1ed9t c\u00e1ch b\u00e0i b\u1ea3n nh\u1ea5t!&#8221;<\/em><\/p>\n<\/blockquote>\n\n\n\n<hr class=\"wp-block-separator has-alpha-channel-opacity\"\/>\n\n\n\n<h3 class=\"wp-block-heading\"><strong><mark style=\"background-color:rgba(0, 0, 0, 0);color:#008fc5\" class=\"has-inline-color\">\ud83c\udf38 <\/mark><mark style=\"background-color:rgba(0, 0, 0, 0)\" class=\"has-inline-color has-vivid-red-color\">EXCHANGE LANGUAGE:<\/mark><mark style=\"background-color:rgba(0, 0, 0, 0);color:#008fc5\" class=\"has-inline-color\"> TRAO TRI TH\u1ee8C <strong><mark style=\"background-color:rgba(0, 0, 0, 0);color:#008fc5\" class=\"has-inline-color\">\u2013<\/mark><\/strong> T\u0102NG THU NH\u1eacP<\/mark><\/strong> <strong><mark style=\"background-color:rgba(0, 0, 0, 0);color:#008fc5\" class=\"has-inline-color\">\u2013 NH\u1eacN Y\u00caU TH\u01af\u01a0NG<\/mark><\/strong><\/h3>\n\n\n\n<p>H\u1ecdc kh\u00f4ng ch\u1ec9 l\u00e0 ti\u1ebfp thu, m\u00e0 c\u00f2n l\u00e0 <strong>s\u1ebb chia<\/strong>. N\u1ebfu b\u1ea1n:<\/p>\n\n\n\n<ul class=\"wp-block-list\">\n<li><strong>Th\u00f4ng th\u1ea1o ti\u1ebfng Vi\u1ec7t\/ngo\u1ea1i ng\u1eef<\/strong><\/li>\n\n\n\n<li><strong>Am hi\u1ec3u v\u0103n h\u00f3a \u0111\u1ecba ph\u01b0\u01a1ng<\/strong><\/li>\n\n\n\n<li><strong>Mu\u1ed1n gi\u00fap \u0111\u1ee1 c\u1ed9ng \u0111\u1ed3ng<\/strong><\/li>\n<\/ul>\n\n\n\n<p>\u0110\u00e2y ch\u00ednh l\u00e0 c\u01a1 h\u1ed9i \u0111\u1ec3 <strong>c\u00f9ng lan t\u1ecfa tri th\u1ee9c<\/strong>, k\u1ebft n\u1ed1i nh\u1eefng t\u00e2m h\u1ed3n y\u00eau ng\u00f4n ng\u1eef!<\/p>\n\n\n\n<blockquote class=\"wp-block-quote is-layout-flow wp-block-quote-is-layout-flow\">\n<p><em>&#8220;Sau 10 n\u0103m s\u1ed1ng t\u1ea1i M\u1ef9, ch\u00fang t\u00f4i nh\u1eadn ra: <\/em><strong><em>giao l\u01b0u v\u0103n h\u00f3a ch\u00ednh l\u00e0 c\u00e1ch h\u1ecdc tuy\u1ec7t v\u1eddi nh\u1ea5t<\/em><\/strong><em> \u0111\u1ec3 m\u1edf r\u1ed9ng t\u1ea7m nh\u00ecn v\u00e0 tr\u00e1i tim.&#8221;<\/em><\/p>\n<\/blockquote>\n\n\n\n<hr class=\"wp-block-separator has-alpha-channel-opacity\"\/>\n\n\n\n<h3 class=\"wp-block-heading\"><strong><mark style=\"background-color:rgba(0, 0, 0, 0);color:#008fc5\" class=\"has-inline-color\">\ud83d\ude80 H\u00c0NH TR\u00ccNH B\u1eaeT \u0110\u1ea6U T\u1eea M\u1ed8T B\u01af\u1edaC CH\u00c2N<\/mark><\/strong><\/h3>\n\n\n\n<p>&#8220;Extra Language \u2013 Exchange Language&#8221; <strong>kh\u00f4ng ch\u1ec9 l\u00e0 l\u1edbp h\u1ecdc<\/strong>, m\u00e0 l\u00e0 <strong>ng\u00f4i nh\u00e0 chung<\/strong> \u0111\u1ec3 ch\u00fang ta:<\/p>\n\n\n\n<ul class=\"wp-block-list\">\n<li><strong>C\u00f9ng nhau x\u00e2y d\u1ef1ng n\u1ec1n t\u1ea3ng<\/strong><\/li>\n\n\n\n<li><strong>C\u00f9ng nhau chia s\u1ebb c\u00e2u chuy\u1ec7n cu\u1ed9c s\u1ed1ng<\/strong><\/li>\n\n\n\n<li><strong>C\u00f9ng nhau t\u1ecfa s\u00e1ng tr\u00ean h\u00e0nh tr\u00ecnh h\u1ed9i nh\u1eadp<\/strong><\/li>\n<\/ul>\n\n\n\n<p>\ud83d\udcab <em>&#8220;M\u1ed7i t\u1eeb m\u1edbi h\u1ecdc h\u00f4m nay, l\u00e0 m\u1ed9t b\u01b0\u1edbc g\u1ea7n h\u01a1n \u0111\u1ebfn \u01b0\u1edbc m\u01a1 t\u1ef1 tin t\u1ecfa s\u00e1ng tr\u00ean \u0111\u1ea5t M\u1ef9!&#8221;<\/em><\/p>\n\n\n\n<hr class=\"wp-block-separator has-alpha-channel-opacity\"\/>\n\n\n\n<p><strong><mark style=\"background-color:rgba(0, 0, 0, 0);color:#008fc5\" class=\"has-inline-color\">\ud83d\udccc TH\u00d4NG TIN CHI TI\u1ebeT S\u1ebc S\u1edaM \u0110\u01af\u1ee2C C\u1eacP NH\u1eacT!<br><\/mark><\/strong>Ch\u00fang t\u00f4i r\u1ea5t mong nh\u1eadn \u0111\u01b0\u1ee3c <strong>s\u1ef1 \u1ee7ng h\u1ed9 v\u00e0 \u0111\u00f3ng g\u00f3p \u00fd ki\u1ebfn<\/strong> t\u1eeb qu\u00fd v\u1ecb \u0111\u1ec3 c\u00f9ng lan t\u1ecfa d\u1ef1 \u00e1n \u00fd ngh\u0129a n\u00e0y.<\/p>\n\n\n\n<p><strong>\ud83d\udc8c LI\u00caN H\u1ec6 NGAY \u0111\u1ec3 chung tay ki\u1ebfn t\u1ea1o c\u1ed9ng \u0111\u1ed3ng h\u1ecdc t\u1eadp k\u1ebft n\u1ed1i!<\/strong><br>Email: <mark style=\"background-color:rgba(0, 0, 0, 0)\" class=\"has-inline-color has-vivid-red-color\">congdongmy@gmail.com<\/mark><strong><br><\/strong>\u2764\ufe0f <em>&#8220;Tri th\u1ee9c ch\u1ec9 th\u1ef1c s\u1ef1 t\u1ecfa s\u00e1ng khi \u0111\u01b0\u1ee3c s\u1ebb chia!&#8221;<\/em><\/p>\n","protected":false},"excerpt":{"rendered":"<p>EXTRA LANGUAGE \u2013 EXCHANGE LANGUAGE: D\u1ef0 \u00c1N C\u1ed4NG TH\u00d4NG TIN K\u1ebeT N\u1ed0I TRI TH\u1ee8C V\u00c0 TR\u00c1I TIM Trong th\u1eddi \u0111\u1ea1i c\u00f4ng ngh\u1ec7 b\u00f9ng n\u1ed5, AI \u0111ang thay \u0111\u1ed5i c\u00e1ch ch\u00fang ta h\u1ecdc t\u1eadp. Nh\u01b0ng d\u00f9 m\u00e1y m\u00f3c c\u00f3 th\u00f4ng minh \u0111\u1ebfn \u0111\u00e2u, m\u1ed9t ng\u01b0\u1eddi th\u1ea7y t\u1eadn t\u00e2m, m\u1ed9t ng\u01b0\u1eddi b\u1ea1n \u0111\u1ed3ng h\u00e0nh v\u1eabn l\u00e0 \u0111i\u1ec1u [&hellip;]<\/p>\n","protected":false},"author":1,"featured_media":0,"parent":0,"menu_order":0,"comment_status":"closed","ping_status":"closed","template":"page-my-full.php","meta":{"footnotes":""},"class_list":["post-26","page","type-page","status-publish","hentry"],"yoast_head":"<!-- This site is optimized with the Yoast SEO plugin v25.0 - https:\/\/yoast.com\/wordpress\/plugins\/seo\/ -->\n<title>Gi\u1edbi Thi\u1ec7u - Trao \u0110\u1ed5i Ng\u00f4n Ng\u1eef<\/title>\n<meta name=\"robots\" content=\"index, follow, max-snippet:-1, max-image-preview:large, max-video-preview:-1\" \/>\n<link rel=\"canonical\" href=\"https:\/\/exlanguage.com\/vn\/gioi-thieu\/\" \/>\n<meta property=\"og:locale\" content=\"en_US\" \/>\n<meta property=\"og:type\" content=\"article\" \/>\n<meta property=\"og:title\" content=\"Gi\u1edbi Thi\u1ec7u - Trao \u0110\u1ed5i Ng\u00f4n Ng\u1eef\" \/>\n<meta property=\"og:description\" content=\"EXTRA LANGUAGE \u2013 EXCHANGE LANGUAGE: D\u1ef0 \u00c1N C\u1ed4NG TH\u00d4NG TIN K\u1ebeT N\u1ed0I TRI TH\u1ee8C V\u00c0 TR\u00c1I TIM Trong th\u1eddi \u0111\u1ea1i c\u00f4ng ngh\u1ec7 b\u00f9ng n\u1ed5, AI \u0111ang thay \u0111\u1ed5i c\u00e1ch ch\u00fang ta h\u1ecdc t\u1eadp. Nh\u01b0ng d\u00f9 m\u00e1y m\u00f3c c\u00f3 th\u00f4ng minh \u0111\u1ebfn \u0111\u00e2u, m\u1ed9t ng\u01b0\u1eddi th\u1ea7y t\u1eadn t\u00e2m, m\u1ed9t ng\u01b0\u1eddi b\u1ea1n \u0111\u1ed3ng h\u00e0nh v\u1eabn l\u00e0 \u0111i\u1ec1u [&hellip;]\" \/>\n<meta property=\"og:url\" content=\"https:\/\/exlanguage.com\/vn\/gioi-thieu\/\" \/>\n<meta property=\"og:site_name\" content=\"Trao \u0110\u1ed5i Ng\u00f4n Ng\u1eef\" \/>\n<meta property=\"article:modified_time\" content=\"2025-04-26T17:37:28+00:00\" \/>\n<meta property=\"og:image\" content=\"https:\/\/exlanguage.com\/vn\/wp-content\/uploads\/sites\/2\/2025\/04\/Logo_eagle_exlanguage_512x512_full_v2.jpg\" \/>\n\t<meta property=\"og:image:width\" content=\"512\" \/>\n\t<meta property=\"og:image:height\" content=\"512\" \/>\n\t<meta property=\"og:image:type\" content=\"image\/jpeg\" \/>\n<meta name=\"twitter:card\" content=\"summary_large_image\" \/>\n<meta name=\"twitter:label1\" content=\"Est. reading time\" \/>\n\t<meta name=\"twitter:data1\" content=\"3 minutes\" \/>\n<script type=\"application\/ld+json\" class=\"yoast-schema-graph\">{\"@context\":\"https:\/\/schema.org\",\"@graph\":[{\"@type\":\"WebPage\",\"@id\":\"https:\/\/exlanguage.com\/vn\/gioi-thieu\/\",\"url\":\"https:\/\/exlanguage.com\/vn\/gioi-thieu\/\",\"name\":\"Gi\u1edbi Thi\u1ec7u - Trao \u0110\u1ed5i Ng\u00f4n Ng\u1eef\",\"isPartOf\":{\"@id\":\"https:\/\/exlanguage.com\/vn\/#website\"},\"primaryImageOfPage\":{\"@id\":\"https:\/\/exlanguage.com\/vn\/gioi-thieu\/#primaryimage\"},\"image\":{\"@id\":\"https:\/\/exlanguage.com\/vn\/gioi-thieu\/#primaryimage\"},\"thumbnailUrl\":\"https:\/\/exlanguage.com\/vn\/wp-content\/uploads\/sites\/2\/2025\/04\/Logo_eagle_exlanguage_512x512_full_v2.jpg\",\"datePublished\":\"2025-04-26T00:44:22+00:00\",\"dateModified\":\"2025-04-26T17:37:28+00:00\",\"breadcrumb\":{\"@id\":\"https:\/\/exlanguage.com\/vn\/gioi-thieu\/#breadcrumb\"},\"inLanguage\":\"en-US\",\"potentialAction\":[{\"@type\":\"ReadAction\",\"target\":[\"https:\/\/exlanguage.com\/vn\/gioi-thieu\/\"]}]},{\"@type\":\"ImageObject\",\"inLanguage\":\"en-US\",\"@id\":\"https:\/\/exlanguage.com\/vn\/gioi-thieu\/#primaryimage\",\"url\":\"https:\/\/exlanguage.com\/vn\/wp-content\/uploads\/sites\/2\/2025\/04\/Logo_eagle_exlanguage_512x512_full_v2.jpg\",\"contentUrl\":\"https:\/\/exlanguage.com\/vn\/wp-content\/uploads\/sites\/2\/2025\/04\/Logo_eagle_exlanguage_512x512_full_v2.jpg\",\"width\":512,\"height\":512},{\"@type\":\"BreadcrumbList\",\"@id\":\"https:\/\/exlanguage.com\/vn\/gioi-thieu\/#breadcrumb\",\"itemListElement\":[{\"@type\":\"ListItem\",\"position\":1,\"name\":\"Home\",\"item\":\"https:\/\/exlanguage.com\/vn\/\"},{\"@type\":\"ListItem\",\"position\":2,\"name\":\"Gi\u1edbi Thi\u1ec7u\"}]},{\"@type\":\"WebSite\",\"@id\":\"https:\/\/exlanguage.com\/vn\/#website\",\"url\":\"https:\/\/exlanguage.com\/vn\/\",\"name\":\"Trao \u0110\u1ed5i Ng\u00f4n Ng\u1eef\",\"description\":\"\",\"potentialAction\":[{\"@type\":\"SearchAction\",\"target\":{\"@type\":\"EntryPoint\",\"urlTemplate\":\"https:\/\/exlanguage.com\/vn\/?s={search_term_string}\"},\"query-input\":{\"@type\":\"PropertyValueSpecification\",\"valueRequired\":true,\"valueName\":\"search_term_string\"}}],\"inLanguage\":\"en-US\"}]}<\/script>\n<!-- \/ Yoast SEO plugin. -->","yoast_head_json":{"title":"Gi\u1edbi Thi\u1ec7u - Trao \u0110\u1ed5i Ng\u00f4n Ng\u1eef","robots":{"index":"index","follow":"follow","max-snippet":"max-snippet:-1","max-image-preview":"max-image-preview:large","max-video-preview":"max-video-preview:-1"},"canonical":"https:\/\/exlanguage.com\/vn\/gioi-thieu\/","og_locale":"en_US","og_type":"article","og_title":"Gi\u1edbi Thi\u1ec7u - Trao \u0110\u1ed5i Ng\u00f4n Ng\u1eef","og_description":"EXTRA LANGUAGE \u2013 EXCHANGE LANGUAGE: D\u1ef0 \u00c1N C\u1ed4NG TH\u00d4NG TIN K\u1ebeT N\u1ed0I TRI TH\u1ee8C V\u00c0 TR\u00c1I TIM Trong th\u1eddi \u0111\u1ea1i c\u00f4ng ngh\u1ec7 b\u00f9ng n\u1ed5, AI \u0111ang thay \u0111\u1ed5i c\u00e1ch ch\u00fang ta h\u1ecdc t\u1eadp. Nh\u01b0ng d\u00f9 m\u00e1y m\u00f3c c\u00f3 th\u00f4ng minh \u0111\u1ebfn \u0111\u00e2u, m\u1ed9t ng\u01b0\u1eddi th\u1ea7y t\u1eadn t\u00e2m, m\u1ed9t ng\u01b0\u1eddi b\u1ea1n \u0111\u1ed3ng h\u00e0nh v\u1eabn l\u00e0 \u0111i\u1ec1u [&hellip;]","og_url":"https:\/\/exlanguage.com\/vn\/gioi-thieu\/","og_site_name":"Trao \u0110\u1ed5i Ng\u00f4n Ng\u1eef","article_modified_time":"2025-04-26T17:37:28+00:00","og_image":[{"width":512,"height":512,"url":"https:\/\/exlanguage.com\/vn\/wp-content\/uploads\/sites\/2\/2025\/04\/Logo_eagle_exlanguage_512x512_full_v2.jpg","type":"image\/jpeg"}],"twitter_card":"summary_large_image","twitter_misc":{"Est. reading time":"3 minutes"},"schema":{"@context":"https:\/\/schema.org","@graph":[{"@type":"WebPage","@id":"https:\/\/exlanguage.com\/vn\/gioi-thieu\/","url":"https:\/\/exlanguage.com\/vn\/gioi-thieu\/","name":"Gi\u1edbi Thi\u1ec7u - Trao \u0110\u1ed5i Ng\u00f4n Ng\u1eef","isPartOf":{"@id":"https:\/\/exlanguage.com\/vn\/#website"},"primaryImageOfPage":{"@id":"https:\/\/exlanguage.com\/vn\/gioi-thieu\/#primaryimage"},"image":{"@id":"https:\/\/exlanguage.com\/vn\/gioi-thieu\/#primaryimage"},"thumbnailUrl":"https:\/\/exlanguage.com\/vn\/wp-content\/uploads\/sites\/2\/2025\/04\/Logo_eagle_exlanguage_512x512_full_v2.jpg","datePublished":"2025-04-26T00:44:22+00:00","dateModified":"2025-04-26T17:37:28+00:00","breadcrumb":{"@id":"https:\/\/exlanguage.com\/vn\/gioi-thieu\/#breadcrumb"},"inLanguage":"en-US","potentialAction":[{"@type":"ReadAction","target":["https:\/\/exlanguage.com\/vn\/gioi-thieu\/"]}]},{"@type":"ImageObject","inLanguage":"en-US","@id":"https:\/\/exlanguage.com\/vn\/gioi-thieu\/#primaryimage","url":"https:\/\/exlanguage.com\/vn\/wp-content\/uploads\/sites\/2\/2025\/04\/Logo_eagle_exlanguage_512x512_full_v2.jpg","contentUrl":"https:\/\/exlanguage.com\/vn\/wp-content\/uploads\/sites\/2\/2025\/04\/Logo_eagle_exlanguage_512x512_full_v2.jpg","width":512,"height":512},{"@type":"BreadcrumbList","@id":"https:\/\/exlanguage.com\/vn\/gioi-thieu\/#breadcrumb","itemListElement":[{"@type":"ListItem","position":1,"name":"Home","item":"https:\/\/exlanguage.com\/vn\/"},{"@type":"ListItem","position":2,"name":"Gi\u1edbi Thi\u1ec7u"}]},{"@type":"WebSite","@id":"https:\/\/exlanguage.com\/vn\/#website","url":"https:\/\/exlanguage.com\/vn\/","name":"Trao \u0110\u1ed5i Ng\u00f4n Ng\u1eef","description":"","potentialAction":[{"@type":"SearchAction","target":{"@type":"EntryPoint","urlTemplate":"https:\/\/exlanguage.com\/vn\/?s={search_term_string}"},"query-input":{"@type":"PropertyValueSpecification","valueRequired":true,"valueName":"search_term_string"}}],"inLanguage":"en-US"}]}},"jetpack_sharing_enabled":true,"_links":{"self":[{"href":"https:\/\/exlanguage.com\/vn\/wp-json\/wp\/v2\/pages\/26","targetHints":{"allow":["GET"]}}],"collection":[{"href":"https:\/\/exlanguage.com\/vn\/wp-json\/wp\/v2\/pages"}],"about":[{"href":"https:\/\/exlanguage.com\/vn\/wp-json\/wp\/v2\/types\/page"}],"author":[{"embeddable":true,"href":"https:\/\/exlanguage.com\/vn\/wp-json\/wp\/v2\/users\/1"}],"replies":[{"embeddable":true,"href":"https:\/\/exlanguage.com\/vn\/wp-json\/wp\/v2\/comments?post=26"}],"version-history":[{"count":3,"href":"https:\/\/exlanguage.com\/vn\/wp-json\/wp\/v2\/pages\/26\/revisions"}],"predecessor-version":[{"id":39,"href":"https:\/\/exlanguage.com\/vn\/wp-json\/wp\/v2\/pages\/26\/revisions\/39"}],"wp:attachment":[{"href":"https:\/\/exlanguage.com\/vn\/wp-json\/wp\/v2\/media?parent=26"}],"curies":[{"name":"wp","href":"https:\/\/api.w.org\/{rel}","templated":true}]}}