{"id":29,"date":"2025-04-26T00:45:53","date_gmt":"2025-04-26T00:45:53","guid":{"rendered":"https:\/\/exlanguage.com\/vn\/?page_id=29"},"modified":"2025-04-26T17:36:55","modified_gmt":"2025-04-26T17:36:55","slug":"lien-he","status":"publish","type":"page","link":"https:\/\/exlanguage.com\/vn\/lien-he\/","title":{"rendered":"Li\u00ean H\u1ec7"},"content":{"rendered":"\n<p><strong><mark style=\"background-color:rgba(0, 0, 0, 0);color:#008fc5\" class=\"has-inline-color\">\ud83d\udccc TH\u00d4NG TIN CHI TI\u1ebeT S\u1ebc S\u1edaM \u0110\u01af\u1ee2C C\u1eacP NH\u1eacT!<br><\/mark><\/strong>Ch\u00fang t\u00f4i r\u1ea5t mong nh\u1eadn \u0111\u01b0\u1ee3c <strong>s\u1ef1 \u1ee7ng h\u1ed9 v\u00e0 \u0111\u00f3ng g\u00f3p \u00fd ki\u1ebfn<\/strong> t\u1eeb qu\u00fd v\u1ecb \u0111\u1ec3 c\u00f9ng lan t\u1ecfa d\u1ef1 \u00e1n \u00fd ngh\u0129a n\u00e0y.<\/p>\n\n\n\n<p><strong>\ud83d\udc8c LI\u00caN H\u1ec6 NGAY \u0111\u1ec3 chung tay ki\u1ebfn t\u1ea1o c\u1ed9ng \u0111\u1ed3ng h\u1ecdc t\u1eadp k\u1ebft n\u1ed1i!<\/strong><br>Email: <mark style=\"background-color:rgba(0, 0, 0, 0)\" class=\"has-inline-color has-vivid-red-color\">congdongmy@gmail.com<\/mark><strong><br><\/strong>\u2764\ufe0f <em>&#8220;Tri th\u1ee9c ch\u1ec9 th\u1ef1c s\u1ef1 t\u1ecfa s\u00e1ng khi \u0111\u01b0\u1ee3c s\u1ebb chia!&#8221;<\/em><\/p>\n\n\n<div class=\"wp-block-image\">\n<figure class=\"aligncenter size-full is-resized\"><img loading=\"lazy\" decoding=\"async\" width=\"512\" height=\"512\" src=\"https:\/\/exlanguage.com\/vn\/wp-content\/uploads\/sites\/2\/2025\/04\/Logo_eagle_exlanguage_512x512_full_v2.jpg\" alt=\"\" class=\"wp-image-37\" style=\"width:339px;height:auto\" srcset=\"https:\/\/exlanguage.com\/vn\/wp-content\/uploads\/sites\/2\/2025\/04\/Logo_eagle_exlanguage_512x512_full_v2.jpg 512w, https:\/\/exlanguage.com\/vn\/wp-content\/uploads\/sites\/2\/2025\/04\/Logo_eagle_exlanguage_512x512_full_v2-300x300.jpg 300w, https:\/\/exlanguage.com\/vn\/wp-content\/uploads\/sites\/2\/2025\/04\/Logo_eagle_exlanguage_512x512_full_v2-150x150.jpg 150w\" sizes=\"auto, (max-width: 512px) 100vw, 512px\" \/><\/figure><\/div>","protected":false},"excerpt":{"rendered":"<p>\ud83d\udccc TH\u00d4NG TIN CHI TI\u1ebeT S\u1ebc S\u1edaM \u0110\u01af\u1ee2C C\u1eacP NH\u1eacT!Ch\u00fang t\u00f4i r\u1ea5t mong nh\u1eadn \u0111\u01b0\u1ee3c s\u1ef1 \u1ee7ng h\u1ed9 v\u00e0 \u0111\u00f3ng g\u00f3p \u00fd ki\u1ebfn t\u1eeb qu\u00fd v\u1ecb \u0111\u1ec3 c\u00f9ng lan t\u1ecfa d\u1ef1 \u00e1n \u00fd ngh\u0129a n\u00e0y. \ud83d\udc8c LI\u00caN H\u1ec6 NGAY \u0111\u1ec3 chung tay ki\u1ebfn t\u1ea1o c\u1ed9ng \u0111\u1ed3ng h\u1ecdc t\u1eadp k\u1ebft n\u1ed1i!Email: congdongmy@gmail.com\u2764\ufe0f &#8220;Tri th\u1ee9c ch\u1ec9 th\u1ef1c [&hellip;]<\/p>\n","protected":false},"author":1,"featured_media":0,"parent":0,"menu_order":0,"comment_status":"closed","ping_status":"closed","template":"page-my-full.php","meta":{"footnotes":""},"class_list":["post-29","page","type-page","status-publish","hentry"],"yoast_head":"<!-- This site is optimized with the Yoast SEO plugin v25.0 - https:\/\/yoast.com\/wordpress\/plugins\/seo\/ -->\n<title>Li\u00ean H\u1ec7 - Trao \u0110\u1ed5i Ng\u00f4n Ng\u1eef<\/title>\n<meta name=\"robots\" content=\"index, follow, max-snippet:-1, max-image-preview:large, max-video-preview:-1\" \/>\n<link rel=\"canonical\" href=\"https:\/\/exlanguage.com\/vn\/lien-he\/\" \/>\n<meta property=\"og:locale\" content=\"en_US\" \/>\n<meta property=\"og:type\" content=\"article\" \/>\n<meta property=\"og:title\" content=\"Li\u00ean H\u1ec7 - Trao \u0110\u1ed5i Ng\u00f4n Ng\u1eef\" \/>\n<meta property=\"og:description\" content=\"\ud83d\udccc TH\u00d4NG TIN CHI TI\u1ebeT S\u1ebc S\u1edaM \u0110\u01af\u1ee2C C\u1eacP NH\u1eacT!Ch\u00fang t\u00f4i r\u1ea5t mong nh\u1eadn \u0111\u01b0\u1ee3c s\u1ef1 \u1ee7ng h\u1ed9 v\u00e0 \u0111\u00f3ng g\u00f3p \u00fd ki\u1ebfn t\u1eeb qu\u00fd v\u1ecb \u0111\u1ec3 c\u00f9ng lan t\u1ecfa d\u1ef1 \u00e1n \u00fd ngh\u0129a n\u00e0y. \ud83d\udc8c LI\u00caN H\u1ec6 NGAY \u0111\u1ec3 chung tay ki\u1ebfn t\u1ea1o c\u1ed9ng \u0111\u1ed3ng h\u1ecdc t\u1eadp k\u1ebft n\u1ed1i!Email: congdongmy@gmail.com\u2764\ufe0f &#8220;Tri th\u1ee9c ch\u1ec9 th\u1ef1c [&hellip;]\" \/>\n<meta property=\"og:url\" content=\"https:\/\/exlanguage.com\/vn\/lien-he\/\" \/>\n<meta property=\"og:site_name\" content=\"Trao \u0110\u1ed5i Ng\u00f4n Ng\u1eef\" \/>\n<meta property=\"article:modified_time\" content=\"2025-04-26T17:36:55+00:00\" \/>\n<meta property=\"og:image\" content=\"https:\/\/exlanguage.com\/vn\/wp-content\/uploads\/sites\/2\/2025\/04\/Logo_eagle_exlanguage_512x512_full_v2.jpg\" \/>\n\t<meta property=\"og:image:width\" content=\"512\" \/>\n\t<meta property=\"og:image:height\" content=\"512\" \/>\n\t<meta property=\"og:image:type\" content=\"image\/jpeg\" \/>\n<meta name=\"twitter:card\" content=\"summary_large_image\" \/>\n<script type=\"application\/ld+json\" class=\"yoast-schema-graph\">{\"@context\":\"https:\/\/schema.org\",\"@graph\":[{\"@type\":\"WebPage\",\"@id\":\"https:\/\/exlanguage.com\/vn\/lien-he\/\",\"url\":\"https:\/\/exlanguage.com\/vn\/lien-he\/\",\"name\":\"Li\u00ean H\u1ec7 - Trao \u0110\u1ed5i Ng\u00f4n Ng\u1eef\",\"isPartOf\":{\"@id\":\"https:\/\/exlanguage.com\/vn\/#website\"},\"primaryImageOfPage\":{\"@id\":\"https:\/\/exlanguage.com\/vn\/lien-he\/#primaryimage\"},\"image\":{\"@id\":\"https:\/\/exlanguage.com\/vn\/lien-he\/#primaryimage\"},\"thumbnailUrl\":\"https:\/\/exlanguage.com\/vn\/wp-content\/uploads\/sites\/2\/2025\/04\/Logo_eagle_exlanguage_512x512_full_v2.jpg\",\"datePublished\":\"2025-04-26T00:45:53+00:00\",\"dateModified\":\"2025-04-26T17:36:55+00:00\",\"breadcrumb\":{\"@id\":\"https:\/\/exlanguage.com\/vn\/lien-he\/#breadcrumb\"},\"inLanguage\":\"en-US\",\"potentialAction\":[{\"@type\":\"ReadAction\",\"target\":[\"https:\/\/exlanguage.com\/vn\/lien-he\/\"]}]},{\"@type\":\"ImageObject\",\"inLanguage\":\"en-US\",\"@id\":\"https:\/\/exlanguage.com\/vn\/lien-he\/#primaryimage\",\"url\":\"https:\/\/exlanguage.com\/vn\/wp-content\/uploads\/sites\/2\/2025\/04\/Logo_eagle_exlanguage_512x512_full_v2.jpg\",\"contentUrl\":\"https:\/\/exlanguage.com\/vn\/wp-content\/uploads\/sites\/2\/2025\/04\/Logo_eagle_exlanguage_512x512_full_v2.jpg\",\"width\":512,\"height\":512},{\"@type\":\"BreadcrumbList\",\"@id\":\"https:\/\/exlanguage.com\/vn\/lien-he\/#breadcrumb\",\"itemListElement\":[{\"@type\":\"ListItem\",\"position\":1,\"name\":\"Home\",\"item\":\"https:\/\/exlanguage.com\/vn\/\"},{\"@type\":\"ListItem\",\"position\":2,\"name\":\"Li\u00ean H\u1ec7\"}]},{\"@type\":\"WebSite\",\"@id\":\"https:\/\/exlanguage.com\/vn\/#website\",\"url\":\"https:\/\/exlanguage.com\/vn\/\",\"name\":\"Trao \u0110\u1ed5i Ng\u00f4n Ng\u1eef\",\"description\":\"\",\"potentialAction\":[{\"@type\":\"SearchAction\",\"target\":{\"@type\":\"EntryPoint\",\"urlTemplate\":\"https:\/\/exlanguage.com\/vn\/?s={search_term_string}\"},\"query-input\":{\"@type\":\"PropertyValueSpecification\",\"valueRequired\":true,\"valueName\":\"search_term_string\"}}],\"inLanguage\":\"en-US\"}]}<\/script>\n<!-- \/ Yoast SEO plugin. -->","yoast_head_json":{"title":"Li\u00ean H\u1ec7 - Trao \u0110\u1ed5i Ng\u00f4n Ng\u1eef","robots":{"index":"index","follow":"follow","max-snippet":"max-snippet:-1","max-image-preview":"max-image-preview:large","max-video-preview":"max-video-preview:-1"},"canonical":"https:\/\/exlanguage.com\/vn\/lien-he\/","og_locale":"en_US","og_type":"article","og_title":"Li\u00ean H\u1ec7 - Trao \u0110\u1ed5i Ng\u00f4n Ng\u1eef","og_description":"\ud83d\udccc TH\u00d4NG TIN CHI TI\u1ebeT S\u1ebc S\u1edaM \u0110\u01af\u1ee2C C\u1eacP NH\u1eacT!Ch\u00fang t\u00f4i r\u1ea5t mong nh\u1eadn \u0111\u01b0\u1ee3c s\u1ef1 \u1ee7ng h\u1ed9 v\u00e0 \u0111\u00f3ng g\u00f3p \u00fd ki\u1ebfn t\u1eeb qu\u00fd v\u1ecb \u0111\u1ec3 c\u00f9ng lan t\u1ecfa d\u1ef1 \u00e1n \u00fd ngh\u0129a n\u00e0y. \ud83d\udc8c LI\u00caN H\u1ec6 NGAY \u0111\u1ec3 chung tay ki\u1ebfn t\u1ea1o c\u1ed9ng \u0111\u1ed3ng h\u1ecdc t\u1eadp k\u1ebft n\u1ed1i!Email: congdongmy@gmail.com\u2764\ufe0f &#8220;Tri th\u1ee9c ch\u1ec9 th\u1ef1c [&hellip;]","og_url":"https:\/\/exlanguage.com\/vn\/lien-he\/","og_site_name":"Trao \u0110\u1ed5i Ng\u00f4n Ng\u1eef","article_modified_time":"2025-04-26T17:36:55+00:00","og_image":[{"width":512,"height":512,"url":"https:\/\/exlanguage.com\/vn\/wp-content\/uploads\/sites\/2\/2025\/04\/Logo_eagle_exlanguage_512x512_full_v2.jpg","type":"image\/jpeg"}],"twitter_card":"summary_large_image","schema":{"@context":"https:\/\/schema.org","@graph":[{"@type":"WebPage","@id":"https:\/\/exlanguage.com\/vn\/lien-he\/","url":"https:\/\/exlanguage.com\/vn\/lien-he\/","name":"Li\u00ean H\u1ec7 - Trao \u0110\u1ed5i Ng\u00f4n Ng\u1eef","isPartOf":{"@id":"https:\/\/exlanguage.com\/vn\/#website"},"primaryImageOfPage":{"@id":"https:\/\/exlanguage.com\/vn\/lien-he\/#primaryimage"},"image":{"@id":"https:\/\/exlanguage.com\/vn\/lien-he\/#primaryimage"},"thumbnailUrl":"https:\/\/exlanguage.com\/vn\/wp-content\/uploads\/sites\/2\/2025\/04\/Logo_eagle_exlanguage_512x512_full_v2.jpg","datePublished":"2025-04-26T00:45:53+00:00","dateModified":"2025-04-26T17:36:55+00:00","breadcrumb":{"@id":"https:\/\/exlanguage.com\/vn\/lien-he\/#breadcrumb"},"inLanguage":"en-US","potentialAction":[{"@type":"ReadAction","target":["https:\/\/exlanguage.com\/vn\/lien-he\/"]}]},{"@type":"ImageObject","inLanguage":"en-US","@id":"https:\/\/exlanguage.com\/vn\/lien-he\/#primaryimage","url":"https:\/\/exlanguage.com\/vn\/wp-content\/uploads\/sites\/2\/2025\/04\/Logo_eagle_exlanguage_512x512_full_v2.jpg","contentUrl":"https:\/\/exlanguage.com\/vn\/wp-content\/uploads\/sites\/2\/2025\/04\/Logo_eagle_exlanguage_512x512_full_v2.jpg","width":512,"height":512},{"@type":"BreadcrumbList","@id":"https:\/\/exlanguage.com\/vn\/lien-he\/#breadcrumb","itemListElement":[{"@type":"ListItem","position":1,"name":"Home","item":"https:\/\/exlanguage.com\/vn\/"},{"@type":"ListItem","position":2,"name":"Li\u00ean H\u1ec7"}]},{"@type":"WebSite","@id":"https:\/\/exlanguage.com\/vn\/#website","url":"https:\/\/exlanguage.com\/vn\/","name":"Trao \u0110\u1ed5i Ng\u00f4n Ng\u1eef","description":"","potentialAction":[{"@type":"SearchAction","target":{"@type":"EntryPoint","urlTemplate":"https:\/\/exlanguage.com\/vn\/?s={search_term_string}"},"query-input":{"@type":"PropertyValueSpecification","valueRequired":true,"valueName":"search_term_string"}}],"inLanguage":"en-US"}]}},"jetpack_sharing_enabled":true,"_links":{"self":[{"href":"https:\/\/exlanguage.com\/vn\/wp-json\/wp\/v2\/pages\/29","targetHints":{"allow":["GET"]}}],"collection":[{"href":"https:\/\/exlanguage.com\/vn\/wp-json\/wp\/v2\/pages"}],"about":[{"href":"https:\/\/exlanguage.com\/vn\/wp-json\/wp\/v2\/types\/page"}],"author":[{"embeddable":true,"href":"https:\/\/exlanguage.com\/vn\/wp-json\/wp\/v2\/users\/1"}],"replies":[{"embeddable":true,"href":"https:\/\/exlanguage.com\/vn\/wp-json\/wp\/v2\/comments?post=29"}],"version-history":[{"count":2,"href":"https:\/\/exlanguage.com\/vn\/wp-json\/wp\/v2\/pages\/29\/revisions"}],"predecessor-version":[{"id":38,"href":"https:\/\/exlanguage.com\/vn\/wp-json\/wp\/v2\/pages\/29\/revisions\/38"}],"wp:attachment":[{"href":"https:\/\/exlanguage.com\/vn\/wp-json\/wp\/v2\/media?parent=29"}],"curies":[{"name":"wp","href":"https:\/\/api.w.org\/{rel}","templated":true}]}}